{"id":83,"date":"2024-12-16T09:39:26","date_gmt":"2024-12-16T08:39:26","guid":{"rendered":"https:\/\/www.cromvic.com\/politica-de-cookies\/"},"modified":"2024-12-17T09:38:02","modified_gmt":"2024-12-17T08:38:02","slug":"politica-de-cookies","status":"publish","type":"page","link":"https:\/\/www.cromvic.com\/ca\/politica-de-cookies\/","title":{"rendered":"Pol\u00edtica de cookies"},"content":{"rendered":"\n<div class=\"wp-block-group is-style-section has-global-padding is-layout-constrained wp-block-group-is-layout-constrained\"><nav class=\"breadcrumb\" itemprop=\"breadcrumb\">\n\t<ul>\n\t\t<li class=\"breadcrumb_home\">\n\t\t\t<a href=\"https:\/\/www.cromvic.com\/ca\/\"><span>Home<\/span><\/a>\n\t\t<\/li>\n\t\t\n\t\t\t\t\n\t\t\t\t\n\t<\/ul>\n<\/nav>\n\n\n<h1 class=\"wp-block-post-title\">Pol\u00edtica de cookies<\/h1>\n\n\n<h3 class=\"wp-block-heading\">Definici\u00f3n y funci\u00f3n de las cookies<\/h3>\n\n\n\n<p>\u00bfQu\u00e9 son las galletas? Una cookie es un archivo que se descarga en el ordenador al acceder a determinadas p\u00e1ginas web. Las cookies tienen finalidades muy diversas, como por ejemplo, reconocerse como usuario, almacenar y recuperar informaci\u00f3n sobre los h\u00e1bitos de navegaci\u00f3n de un usuario o del equipo, personalizar la forma en que se muestra el contenido y, dependiendo de la informaci\u00f3n que contengan y de la forma en que utilice su equipo, se pueden utilizar para reconocer al usuario.  <\/p>\n\n\n\n<p>Los usos concretos que hacemos se describen a continuaci\u00f3n.<\/p>\n\n\n\n<h3 class=\"wp-block-heading\"><br\/>\u00bfQu\u00e9 tipos de cookies utiliza esta p\u00e1gina web?<\/h3>\n\n\n<div class=\"wp-block-list\">\n<ul class=\"wp-block-list\">\n<li>Cookies propias: Son aquellas que se env\u00edan al equipo terminal del usuario desde un equipo o dominio gestionado por el propio editor y desde el que se presta el servicio solicitado por el usuario.<\/li>\n\n\n\n<li>Cookies de terceros: son aquellas que se env\u00edan al terminal del usuario desde un equipo o dominio que no es gestionado por el editor, sino por otra entidad que trata los datos obtenidos a trav\u00e9s de las cookies.<\/li>\n<\/ul>\n<\/div>\n\n\n<p>En el presente caso, los terceros est\u00e1n detallados en el cuadro m\u00e1s abajo. Puede acceder a la informaci\u00f3n sobre la utilizaci\u00f3n de cookies, incluida la posible transferencia internacional de datos a terceros pa\u00edses, a trav\u00e9s de la pol\u00edtica de cookies o privacidad de su p\u00e1gina web. <\/p>\n\n\n\n<p>Tenga en cuenta que si acepta cookies de terceros, necesita eliminarlos de las opciones navegador o desde el sistema ofrecido por el propio tercero.<\/p>\n\n\n<div class=\"wp-block-list\">\n<ul class=\"wp-block-list\">\n<li>Cookies de sesi\u00f3n: son las dise\u00f1adas para recopilar y almacenar datos mientras el usuario accede a un sitio web. Suelen ser utilizadas para almacenar informaci\u00f3n que s\u00f3lo interesa conservar para la prestaci\u00f3n del servicio solicitado por el usuario en una \u00fanica ocasi\u00f3n y desaparecen al t\u00e9rmino de la sesi\u00f3n. <\/li>\n\n\n\n<li>Cookies persistentes: Son un tipo de cookies en el que los datos siguen almacenados en el terminal y pueden ser accedidos y tratados durante un per\u00edodo definido por el responsable de la cookie, y que puede ir de unos minutos a varios a\u00f1os.<\/li>\n\n\n\n<li>Cookies t\u00e9cnicas: Son aquellas necesarias para poder navegar por el sitio web, plataforma o aplicaci\u00f3n y el uso de las diferentes opciones de los servicios existentes, incluyendo aquellas que el editor utiliza para permitir la gesti\u00f3n y el funcionamiento de la p\u00e1gina web y habilitan sus funciones y servicios, como por ejemplo, controlar el tr\u00e1fico y la comunicaci\u00f3n, identificar la sesi\u00f3n, acceder a partes de acceso restringido, utilizar elementos de seguridad durante el almacenamiento de contenidos para la difusi\u00f3n de v\u00eddeos o sonido, entre otras muchas.<\/li>\n\n\n\n<li>Cookies de personalizaci\u00f3n: Son aquellas que permiten guardar las preferencias del usuario durante su navegaci\u00f3n. Ej: el idioma. <\/li>\n\n\n\n<li>Cookies de an\u00e1lisis: Son aquellas que permiten cuantificar el n\u00famero de usuarios y as\u00ed realizar la medici\u00f3n y an\u00e1lisis estad\u00edstico de la utilizaci\u00f3n que realizan los usuarios de la p\u00e1gina web, aplicaci\u00f3n o plataforma, con el objetivo de introducir mejoras en base a en el an\u00e1lisis de datos de uso que realizan los usuarios del servicio.<\/li>\n\n\n\n<li>Cookies de publicidad: Son aqu\u00e9llas que almacenan informaci\u00f3n sobre el comportamiento del usuario mediante la observaci\u00f3n continuada de sus h\u00e1bitos de navegaci\u00f3n, permitiendo desarrollar un perfil espec\u00edfico para mostrar publicidad basada en ella.<\/li>\n<\/ul>\n<\/div>\n\n\n<p>Seguidamente le mostramos la informaci\u00f3n sobre las cookies en concreto que utilizamos:<\/p>\n\n\n\n<figure class=\"wp-block-table\"><table class=\"has-fixed-layout\"><tbody><tr><td>Nombre<\/td><td>Editor<\/td><td>Tipos por editor<\/td><td>Tipos per finalidad<\/td><td>Tipus per caducidad<\/td><td>Duraci\u00f3n<\/td><td>Finalidad<\/td><\/tr><tr><td>_ga<\/td><td>fvo.cat<\/td><td>Terceros<\/td><td>Anal\u00edtica<\/td><td>Permanent<\/td><td>13 mesos<\/td><td>Contabiliza a los usuarios con un ID an\u00f3nimo que permite una medida del uso de la p\u00e1gina web.<\/td><\/tr><tr><td>_gat<\/td><td>fvo.cat<\/td><td>Terceros<\/td><td>Anal\u00edtica<\/td><td>Permanent<\/td><td>1 minut<\/td><td>Se utiliza para diferenciar entre los distintos objetos de seguimiento durante la sesi\u00f3n.<\/td><\/tr><tr><td>_gid<\/td><td>fvo.cat<\/td><td>Terceros<\/td><td>Anal\u00edtica<\/td><td>Permanent<\/td><td>1 dia<\/td><td>Para contabilizar las p\u00e1ginas que visita el usuario.<\/td><\/tr><tr><td>moove_gdpr_popup<\/td><td>fvo.cat<\/td><td>Pr\u00f2pia<\/td><td>Personalitzaci\u00f3<\/td><td>Permanent<\/td><td>1 d\u00eda<\/td><td>Para guardar el estado del usuario respecto a sus elecciones de cookies.<\/td><\/tr><tr><td>wp-wpml_current_language<\/td><td>fvo.cat<\/td><td>Pr\u00f2pia<\/td><td>Personalitzaci\u00f3<\/td><td>Permanent<\/td><td>1 d\u00eda<\/td><td>Para guardar el estado del usuario respecto al idioma.<\/td><\/tr><\/tbody><\/table><\/figure>\n\n\n\n<p>Si desea consultar la informaci\u00f3n sobre la privacidad de los datos, puede entrar en la \u201cPol\u00edtica de Privacidad\u201d ubicada al pie de la presente p\u00e1gina web. Configuraci\u00f3n, revocaci\u00f3n y eliminaci\u00f3n de cookies <\/p>\n\n\n\n<p>Tambi\u00e9n puede bloquearlas mediante la configuraci\u00f3n de las opciones del navegador en su ordenador en los siguientes enlaces:<\/p>\n\n\n<div class=\"wp-block-list\">\n<ul class=\"wp-block-list\">\n<li>Explorer:http:\/\/windows.microsoft.com\/es-es\/windows-vista\/block-or-allow-cookies<\/li>\n\n\n\n<li>Edge: https:\/\/support.microsoft.com\/es-es\/help\/4027947\/microsoft-edge-delete-cookies<\/li>\n\n\n\n<li>Chrome: http:\/\/support.google.com\/chrome\/bin\/answer.py?hl=es&amp;answer=95647<\/li>\n\n\n\n<li>Firefox: https:\/\/support.mozilla.org\/es\/kb\/impedir-que-los-sitios-web-guarden-sus-preferencia<\/li>\n\n\n\n<li>Safari: http:\/\/support.apple.com\/kb\/ph5042<\/li>\n\n\n\n<li>Opera: http:\/\/help.opera.com\/Windows\/11.50\/es-ES\/cookies.html<\/li>\n<\/ul>\n<\/div>\n\n\n<p>Cualquier modificaci\u00f3n de las cookies, comportar\u00e1 la necesaria modificaci\u00f3n de los textos aqu\u00ed expuestos.<\/p>\n<\/div>\n","protected":false},"excerpt":{"rendered":"<p>Definici\u00f3n y funci\u00f3n de las cookies \u00bfQu\u00e9 son las galletas? Una cookie es un archivo que se descarga en el ordenador al acceder a determinadas p\u00e1ginas web. Las cookies tienen finalidades muy diversas, como por ejemplo, reconocerse como usuario, almacenar y recuperar informaci\u00f3n sobre los h\u00e1bitos de navegaci\u00f3n de un usuario o del equipo, personalizar [&hellip;]<\/p>\n","protected":false},"author":1,"featured_media":0,"parent":0,"menu_order":19,"comment_status":"closed","ping_status":"closed","template":"","meta":{"_seopress_robots_primary_cat":"","_seopress_titles_title":"","_seopress_titles_desc":"","_seopress_robots_index":"","_eb_attr":"","inline_featured_image":false,"footnotes":""},"class_list":["post-83","page","type-page","status-publish","hentry"],"_links":{"self":[{"href":"https:\/\/www.cromvic.com\/ca\/wp-json\/wp\/v2\/pages\/83","targetHints":{"allow":["GET"]}}],"collection":[{"href":"https:\/\/www.cromvic.com\/ca\/wp-json\/wp\/v2\/pages"}],"about":[{"href":"https:\/\/www.cromvic.com\/ca\/wp-json\/wp\/v2\/types\/page"}],"author":[{"embeddable":true,"href":"https:\/\/www.cromvic.com\/ca\/wp-json\/wp\/v2\/users\/1"}],"replies":[{"embeddable":true,"href":"https:\/\/www.cromvic.com\/ca\/wp-json\/wp\/v2\/comments?post=83"}],"version-history":[{"count":0,"href":"https:\/\/www.cromvic.com\/ca\/wp-json\/wp\/v2\/pages\/83\/revisions"}],"wp:attachment":[{"href":"https:\/\/www.cromvic.com\/ca\/wp-json\/wp\/v2\/media?parent=83"}],"curies":[{"name":"wp","href":"https:\/\/api.w.org\/{rel}","templated":true}]}}