{"id":81,"date":"2024-12-16T09:22:15","date_gmt":"2024-12-16T08:22:15","guid":{"rendered":"https:\/\/www.cromvic.com\/?page_id=81"},"modified":"2024-12-17T09:34:19","modified_gmt":"2024-12-17T08:34:19","slug":"avis-legal","status":"publish","type":"page","link":"https:\/\/www.cromvic.com\/ca\/avis-legal\/","title":{"rendered":"Av\u00eds legal"},"content":{"rendered":"\n<div class=\"wp-block-group is-style-section has-global-padding is-layout-constrained wp-block-group-is-layout-constrained\"><nav class=\"breadcrumb\" itemprop=\"breadcrumb\">\n\t<ul>\n\t\t<li class=\"breadcrumb_home\">\n\t\t\t<a href=\"https:\/\/www.cromvic.com\/ca\/\"><span>Home<\/span><\/a>\n\t\t<\/li>\n\t\t\n\t\t\t\t\n\t\t\t\t\n\t<\/ul>\n<\/nav>\n\n\n<h1 class=\"wp-block-post-title\">Av\u00eds legal<\/h1>\n\n\n<p>En compliment del que disposa l&#8217;article 10 de la Llei 34\/2002, d&#8217;11 de juliol, de Serveis de la Societat de la Informaci\u00f3 i del Comer\u00e7 Electr\u00f2nic (LSSICE), es posa a disposici\u00f3 dels usuaris la informaci\u00f3 seg\u00fcent:<\/p>\n\n\n\n<h3 class=\"wp-block-heading\">1. Dades identificatives<\/h3>\n\n\n\n<p>La titularitat del lloc web correspon a:<\/p>\n\n\n<div class=\"wp-block-list\">\n<ul class=\"wp-block-list\">\n<li><strong>Empresa<\/strong>: Cromados Conejo, S.A.<\/li>\n\n\n\n<li><strong>CIF<\/strong>: A58597519<\/li>\n\n\n\n<li><strong>Domicili<\/strong>: Carrer Olot, 4 &#8211; Vic &#8211; 08500 &#8211; Barcelona<\/li>\n\n\n\n<li><strong>Tel\u00e8fon de contacte<\/strong>: 93 886 35 76<\/li>\n\n\n\n<li><strong>Email de contacte<\/strong>: comercial@cromvic.com<\/li>\n<\/ul>\n<\/div>\n\n\n<h3 class=\"wp-block-heading\">2. Condicions generals d\u00fas<\/h3>\n\n\n\n<p>L&#8217;acc\u00e9s i \u00fas del present lloc web atribueix la condici\u00f3 d&#8217;usuari, implicant l&#8217;acceptaci\u00f3 plena i sense reserves de totes les disposicions incloses en aquest Av\u00eds Legal, a la versi\u00f3 publicada per Cromados Conejo, S.A. quan l&#8217;usuari accedeixi al lloc web.<\/p>\n\n\n\n<h3 class=\"wp-block-heading\">3. Propietat intel\u00b7lectual i industrial<\/h3>\n\n\n\n<p>Tots els continguts del lloc web, inclosos, entre d&#8217;altres, textos, gr\u00e0fics, imatges, disseny i drets de propietat intel\u00b7lectual o industrial, s\u00f3n titularitat de Cromados Conejo, S.A. o de tercers que n&#8217;hagin autoritzat l&#8217;\u00fas. Queda prohibida la seva reproducci\u00f3, distribuci\u00f3, comunicaci\u00f3 p\u00fablica o transformaci\u00f3 sense lautoritzaci\u00f3 expressa dels titulars.<\/p>\n\n\n\n<h3 class=\"wp-block-heading\">4. Responsabilitat dels continguts<\/h3>\n\n\n\n<p>Cromados Conejo, S.A. no es fa responsable del mal \u00fas que es realitzi dels continguts del vostre lloc web, sent exclusiva responsabilitat de l&#8217;usuari que accedeixi o utilitzi la informaci\u00f3.<\/p>\n\n\n\n<h3 class=\"wp-block-heading\">5. Enlla\u00e7os<\/h3>\n\n\n\n<p>El lloc web pot incloure enlla\u00e7os a p\u00e0gines de tercers. Cromados Conejo, S.A. no assumeix cap responsabilitat pels continguts, informacions o serveis que puguin apar\u00e8ixer en aquests llocs, que tindran exclusivament car\u00e0cter informatiu.<\/p>\n\n\n\n<h3 class=\"wp-block-heading\">6. Protecci\u00f3 de dades personals<\/h3>\n\n\n\n<p>Les dades personals que l&#8217;usuari faciliti a trav\u00e9s del lloc web seran tractades de conformitat amb la normativa vigent en mat\u00e8ria de protecci\u00f3 de dades. Per a m\u00e9s informaci\u00f3, consulteu la nostra [Pol\u00edtica de Privadesa].<\/p>\n\n\n\n<h3 class=\"wp-block-heading\">7. Legislaci\u00f3 aplicable i jurisdicci\u00f3<\/h3>\n\n\n\n<p>Aquestes condicions es regeixen per la legislaci\u00f3 espanyola. Per a qualsevol controv\u00e8rsia que pogu\u00e9s derivar-se de l&#8217;acc\u00e9s o \u00fas del lloc web, seran competents els jutjats i els tribunals de la ciutat de Barcelona.<\/p>\n<\/div>\n","protected":false},"excerpt":{"rendered":"<p>En compliment del que disposa l&#8217;article 10 de la Llei 34\/2002, d&#8217;11 de juliol, de Serveis de la Societat de la Informaci\u00f3 i del Comer\u00e7 Electr\u00f2nic (LSSICE), es posa a disposici\u00f3 dels usuaris la informaci\u00f3 seg\u00fcent: 1. Dades identificatives La titularitat del lloc web correspon a: 2. Condicions generals d\u00fas L&#8217;acc\u00e9s i \u00fas del present [&hellip;]<\/p>\n","protected":false},"author":1,"featured_media":0,"parent":0,"menu_order":17,"comment_status":"closed","ping_status":"closed","template":"","meta":{"_seopress_robots_primary_cat":"","_seopress_titles_title":"","_seopress_titles_desc":"","_seopress_robots_index":"","_eb_attr":"","inline_featured_image":false,"footnotes":""},"class_list":["post-81","page","type-page","status-publish","hentry"],"_links":{"self":[{"href":"https:\/\/www.cromvic.com\/ca\/wp-json\/wp\/v2\/pages\/81","targetHints":{"allow":["GET"]}}],"collection":[{"href":"https:\/\/www.cromvic.com\/ca\/wp-json\/wp\/v2\/pages"}],"about":[{"href":"https:\/\/www.cromvic.com\/ca\/wp-json\/wp\/v2\/types\/page"}],"author":[{"embeddable":true,"href":"https:\/\/www.cromvic.com\/ca\/wp-json\/wp\/v2\/users\/1"}],"replies":[{"embeddable":true,"href":"https:\/\/www.cromvic.com\/ca\/wp-json\/wp\/v2\/comments?post=81"}],"version-history":[{"count":0,"href":"https:\/\/www.cromvic.com\/ca\/wp-json\/wp\/v2\/pages\/81\/revisions"}],"wp:attachment":[{"href":"https:\/\/www.cromvic.com\/ca\/wp-json\/wp\/v2\/media?parent=81"}],"curies":[{"name":"wp","href":"https:\/\/api.w.org\/{rel}","templated":true}]}}