{"id":76,"date":"2024-12-16T09:52:26","date_gmt":"2024-12-16T08:52:26","guid":{"rendered":"https:\/\/www.cromvic.com\/serveis\/"},"modified":"2026-02-20T11:22:27","modified_gmt":"2026-02-20T10:22:27","slug":"serveis","status":"publish","type":"page","link":"https:\/\/www.cromvic.com\/ca\/serveis\/","title":{"rendered":"Serveis"},"content":{"rendered":"\n<header class=\"wp-block-group alignwide cabecera-imagen has-global-padding is-layout-constrained wp-block-group-is-layout-constrained\">\n<div class=\"wp-block-cover has-custom-content-position is-position-bottom-center alignwide cabecera-imagen__fondo\"><img alt=\"\" loading=\"lazy\" decoding=\"async\" width=\"1481\" height=\"753\" class=\"wp-block-cover__image-background wp-image-39\" alt=\"\" src=\"https:\/\/www.cromvic.com\/wp-content\/uploads\/2024\/12\/servicios.jpg\" data-object-fit=\"cover\" srcset=\"https:\/\/www.cromvic.com\/wp-content\/uploads\/2024\/12\/servicios.jpg 1481w, https:\/\/www.cromvic.com\/wp-content\/uploads\/2024\/12\/servicios-300x153.jpg 300w, https:\/\/www.cromvic.com\/wp-content\/uploads\/2024\/12\/servicios-1024x521.jpg 1024w, https:\/\/www.cromvic.com\/wp-content\/uploads\/2024\/12\/servicios-768x390.jpg 768w\" sizes=\"auto, (max-width: 1481px) 100vw, 1481px\" \/><span aria-hidden=\"true\" class=\"wp-block-cover__background has-background-dim-0 has-background-dim\" style=\"background-color:#777777\"><\/span><div class=\"wp-block-cover__inner-container is-layout-flow wp-block-cover-is-layout-flow\"><h1 class=\"has-text-align-center alignfull cabecera-imagen__titulo wp-block-post-title\">Serveis<\/h1><\/div><\/div>\n<\/header>\n\n\n\n<article class=\"wp-block-group alignwide pagina-default is-style-section has-global-padding is-layout-constrained wp-block-group-is-layout-constrained\">\n<div class=\"wp-block-group alignfull is-style-section has-global-padding is-layout-constrained wp-block-group-is-layout-constrained\">\n<div class=\"wp-block-group has-global-padding is-layout-constrained wp-block-group-is-layout-constrained\">\n<h3 class=\"wp-block-heading has-text-align-center\">Recobriments met\u00e0l\u00b7lics<\/h3>\n\n\n\n<p class=\"has-text-align-center\">Disposem d\u00b4una extensa gamma d\u00b4acabats met\u00e0l\u00b7lics; aplicant-los en ferro, llaut\u00f3, zamalt, alumini, acer inoxidable i calamina.<\/p>\n<\/div>\n\n\n\n<div class=\"wp-block-group alignwide imagenes-servicios is-content-justification-center is-nowrap is-layout-flex wp-container-core-group-is-layout-23441af8 wp-block-group-is-layout-flex\">\n<div class=\"wp-block-group imagenes-servicios__item is-vertical is-content-justification-center is-layout-flex wp-container-core-group-is-layout-ce155fab wp-block-group-is-layout-flex\">\n<figure class=\"wp-block-image size-medium imagenes-servicios__img\"><img alt=\"\" loading=\"lazy\" decoding=\"async\" width=\"450\" height=\"294\" src=\"https:\/\/www.cromvic.com\/wp-content\/uploads\/2024\/12\/niquelado-02-450x294.jpg\" alt=\"\" class=\"wp-image-47\" srcset=\"https:\/\/www.cromvic.com\/wp-content\/uploads\/2024\/12\/niquelado-02-450x294.jpg 450w, https:\/\/www.cromvic.com\/wp-content\/uploads\/2024\/12\/niquelado-02-768x502.jpg 768w, https:\/\/www.cromvic.com\/wp-content\/uploads\/2024\/12\/niquelado-02.jpg 982w\" sizes=\"auto, (max-width: 450px) 100vw, 450px\" \/><\/figure>\n\n\n\n<p class=\"imagenes-servicios__title\">Niquelat est\u00e0tic<\/p>\n<\/div>\n\n\n\n<div class=\"wp-block-group imagenes-servicios__item is-vertical is-content-justification-center is-layout-flex wp-container-core-group-is-layout-ce155fab wp-block-group-is-layout-flex\">\n<figure class=\"wp-block-image size-medium imagenes-servicios__img\"><img alt=\"\" loading=\"lazy\" decoding=\"async\" width=\"450\" height=\"292\" src=\"https:\/\/www.cromvic.com\/wp-content\/uploads\/2024\/12\/niquelado-03-450x292.jpg\" alt=\"\" class=\"wp-image-46\" srcset=\"https:\/\/www.cromvic.com\/wp-content\/uploads\/2024\/12\/niquelado-03-450x292.jpg 450w, https:\/\/www.cromvic.com\/wp-content\/uploads\/2024\/12\/niquelado-03-768x499.jpg 768w, https:\/\/www.cromvic.com\/wp-content\/uploads\/2024\/12\/niquelado-03.jpg 989w\" sizes=\"auto, (max-width: 450px) 100vw, 450px\" \/><\/figure>\n\n\n\n<p class=\"imagenes-servicios__title\">Cromat<\/p>\n<\/div>\n<\/div>\n<\/div>\n\n\n\n<div class=\"wp-block-group alignwide is-style-section has-global-padding is-layout-constrained wp-block-group-is-layout-constrained\">\n<div class=\"wp-block-group has-global-padding is-layout-constrained wp-block-group-is-layout-constrained\">\n<h3 class=\"wp-block-heading has-text-align-center\">Polit<\/h3>\n\n\n\n<p class=\"has-text-align-center\">Disposem de polits manuals i polits per vibraci\u00f3. En acabats brillants i mats. Els metalls a tractar poden ser ferro, llaut\u00f3, inox, zamalt i alumini.<\/p>\n<\/div>\n\n\n\n<div class=\"wp-block-group alignwide imagenes-servicios is-content-justification-center is-nowrap is-layout-flex wp-container-core-group-is-layout-23441af8 wp-block-group-is-layout-flex\">\n<div class=\"wp-block-group imagenes-servicios__item is-vertical is-content-justification-center is-layout-flex wp-container-core-group-is-layout-ce155fab wp-block-group-is-layout-flex\">\n<figure class=\"wp-block-image size-medium imagenes-servicios__img\"><img alt=\"\" loading=\"lazy\" decoding=\"async\" width=\"450\" height=\"292\" src=\"https:\/\/www.cromvic.com\/wp-content\/uploads\/2024\/12\/pulido-01-450x292.jpg\" alt=\"\" class=\"wp-image-45\" srcset=\"https:\/\/www.cromvic.com\/wp-content\/uploads\/2024\/12\/pulido-01-450x292.jpg 450w, https:\/\/www.cromvic.com\/wp-content\/uploads\/2024\/12\/pulido-01-768x498.jpg 768w, https:\/\/www.cromvic.com\/wp-content\/uploads\/2024\/12\/pulido-01.jpg 982w\" sizes=\"auto, (max-width: 450px) 100vw, 450px\" \/><\/figure>\n\n\n\n<p class=\"imagenes-servicios__title\">Poliment manual<\/p>\n<\/div>\n\n\n\n<div class=\"wp-block-group imagenes-servicios__item is-vertical is-content-justification-center is-layout-flex wp-container-core-group-is-layout-ce155fab wp-block-group-is-layout-flex\">\n<figure class=\"wp-block-image size-medium imagenes-servicios__img\"><img alt=\"\" loading=\"lazy\" decoding=\"async\" width=\"450\" height=\"292\" src=\"https:\/\/www.cromvic.com\/wp-content\/uploads\/2024\/12\/pulido-02-450x292.jpg\" alt=\"\" class=\"wp-image-44\" srcset=\"https:\/\/www.cromvic.com\/wp-content\/uploads\/2024\/12\/pulido-02-450x292.jpg 450w, https:\/\/www.cromvic.com\/wp-content\/uploads\/2024\/12\/pulido-02-768x498.jpg 768w, https:\/\/www.cromvic.com\/wp-content\/uploads\/2024\/12\/pulido-02.jpg 982w\" sizes=\"auto, (max-width: 450px) 100vw, 450px\" \/><\/figure>\n\n\n\n<p class=\"imagenes-servicios__title\">Restauraci\u00f3<\/p>\n<\/div>\n<\/div>\n<\/div>\n<\/article>\n","protected":false},"excerpt":{"rendered":"<p>Recobriments met\u00e0l\u00b7lics Disposem d\u00b4una extensa gamma d\u00b4acabats met\u00e0l\u00b7lics; aplicant-los en ferro, llaut\u00f3, zamalt, alumini, acer inoxidable i calamina. Niquelat est\u00e0tic Cromat Polit Disposem de polits manuals i polits per vibraci\u00f3. En acabats brillants i mats. Els metalls a tractar poden ser ferro, llaut\u00f3, inox, zamalt i alumini. Poliment manual Restauraci\u00f3<\/p>\n","protected":false},"author":1,"featured_media":0,"parent":0,"menu_order":8,"comment_status":"closed","ping_status":"closed","template":"","meta":{"_seopress_robots_primary_cat":"","_seopress_titles_title":"","_seopress_titles_desc":"","_seopress_robots_index":"","_eb_attr":"","inline_featured_image":false,"footnotes":""},"class_list":["post-76","page","type-page","status-publish","hentry"],"_links":{"self":[{"href":"https:\/\/www.cromvic.com\/ca\/wp-json\/wp\/v2\/pages\/76","targetHints":{"allow":["GET"]}}],"collection":[{"href":"https:\/\/www.cromvic.com\/ca\/wp-json\/wp\/v2\/pages"}],"about":[{"href":"https:\/\/www.cromvic.com\/ca\/wp-json\/wp\/v2\/types\/page"}],"author":[{"embeddable":true,"href":"https:\/\/www.cromvic.com\/ca\/wp-json\/wp\/v2\/users\/1"}],"replies":[{"embeddable":true,"href":"https:\/\/www.cromvic.com\/ca\/wp-json\/wp\/v2\/comments?post=76"}],"version-history":[{"count":0,"href":"https:\/\/www.cromvic.com\/ca\/wp-json\/wp\/v2\/pages\/76\/revisions"}],"wp:attachment":[{"href":"https:\/\/www.cromvic.com\/ca\/wp-json\/wp\/v2\/media?parent=76"}],"curies":[{"name":"wp","href":"https:\/\/api.w.org\/{rel}","templated":true}]}}