{"id":75,"date":"2024-12-16T09:44:11","date_gmt":"2024-12-16T08:44:11","guid":{"rendered":"https:\/\/www.cromvic.com\/installacions\/"},"modified":"2025-07-10T07:55:47","modified_gmt":"2025-07-10T05:55:47","slug":"installacions","status":"publish","type":"page","link":"https:\/\/www.cromvic.com\/ca\/installacions\/","title":{"rendered":"Instal\u00b7lacions"},"content":{"rendered":"\n<header class=\"wp-block-group alignwide cabecera-imagen has-global-padding is-layout-constrained wp-block-group-is-layout-constrained\">\n<div class=\"wp-block-cover has-custom-content-position is-position-bottom-center alignwide cabecera-imagen__fondo\"><img alt=\"\" loading=\"lazy\" decoding=\"async\" width=\"1312\" height=\"411\" class=\"wp-block-cover__image-background wp-image-33\" alt=\"\" src=\"https:\/\/www.cromvic.com\/wp-content\/uploads\/2024\/12\/instalaciones.jpg\" data-object-fit=\"cover\" srcset=\"https:\/\/www.cromvic.com\/wp-content\/uploads\/2024\/12\/instalaciones.jpg 1312w, https:\/\/www.cromvic.com\/wp-content\/uploads\/2024\/12\/instalaciones-300x94.jpg 300w, https:\/\/www.cromvic.com\/wp-content\/uploads\/2024\/12\/instalaciones-1024x321.jpg 1024w, https:\/\/www.cromvic.com\/wp-content\/uploads\/2024\/12\/instalaciones-768x241.jpg 768w\" sizes=\"auto, (max-width: 1312px) 100vw, 1312px\" \/><span aria-hidden=\"true\" class=\"wp-block-cover__background has-background-dim-0 has-background-dim\" style=\"background-color:#6d7284\"><\/span><div class=\"wp-block-cover__inner-container is-layout-flow wp-block-cover-is-layout-flow\"><h1 class=\"has-text-align-center alignfull cabecera-imagen__titulo wp-block-post-title\">Instal\u00b7lacions<\/h1><\/div><\/div>\n<\/header>\n\n\n\n<article class=\"wp-block-group alignwide pagina-default is-style-section has-global-padding is-layout-constrained wp-block-group-is-layout-constrained\">\n<p><strong>Autom\u00e0tica n\u00edquel-crom &#8211; Est\u00e0tic<\/strong><\/p>\n\n\n\n<p>La nostra producci\u00f3 es basa en el tractament de peces sobre ferro i llaut\u00f3, amb acabats de N\u00edquel i Crom decoratiu.<\/p>\n\n\n\n<p>Comptem amb un departament de poliment per a peces que ho requereixin.<\/p>\n\n\n\n<p>Capacitat de grans i petites s\u00e8ries. Dimensions: 2600 x 800 x 1100.<\/p>\n\n\n\n<p>Aplicacions: components per a motocicleta, components per a autom\u00f2bil, mobiliari d&#8217;oficina, estampacions met\u00e0l\u00b7liques, etc.<\/p>\n\n\n\n<div class=\"wp-block-image-gallery-block-image-gallery-block alignwide\"><div class=\"eb-parent-wrapper eb-parent-eb-image-gallery-u9o4p \"><div class=\"eb-gallery-img-wrapper eb-image-gallery-u9o4p grid overlay-bottom caption-style-0   no-isotope \" data-id=\"eb-image-gallery-u9o4p\"><a href=\"https:\/\/www.cromvic.com\/wp-content\/uploads\/2025\/07\/instalaciones-img-3897.jpg\" rel=\"noopener\" data-fslightbox=\"gallery\" data-type=\"image\" class=\"eb-gallery-img-content eb-filter-img-\"><span class=\"eb-gallery-link-wrapper\"><img decoding=\"async\" class=\"eb-gallery-img\" src=\"https:\/\/www.cromvic.com\/wp-content\/uploads\/2025\/07\/instalaciones-img-3897.jpg\" image-index=\"0\" alt=\"\"\/><\/span><\/a><a href=\"https:\/\/www.cromvic.com\/wp-content\/uploads\/2025\/07\/instalaciones-img-3898.jpg\" rel=\"noopener\" data-fslightbox=\"gallery\" data-type=\"image\" class=\"eb-gallery-img-content eb-filter-img-\"><span class=\"eb-gallery-link-wrapper\"><img decoding=\"async\" class=\"eb-gallery-img\" src=\"https:\/\/www.cromvic.com\/wp-content\/uploads\/2025\/07\/instalaciones-img-3898.jpg\" image-index=\"1\" alt=\"\"\/><\/span><\/a><a href=\"https:\/\/www.cromvic.com\/wp-content\/uploads\/2025\/07\/instalaciones-img-3899.jpg\" rel=\"noopener\" data-fslightbox=\"gallery\" data-type=\"image\" class=\"eb-gallery-img-content eb-filter-img-\"><span class=\"eb-gallery-link-wrapper\"><img decoding=\"async\" class=\"eb-gallery-img\" src=\"https:\/\/www.cromvic.com\/wp-content\/uploads\/2025\/07\/instalaciones-img-3899.jpg\" image-index=\"2\" alt=\"\"\/><\/span><\/a><\/div><\/div><\/div>\n<\/article>\n","protected":false},"excerpt":{"rendered":"<p>Autom\u00e0tica n\u00edquel-crom &#8211; Est\u00e0tic La nostra producci\u00f3 es basa en el tractament de peces sobre ferro i llaut\u00f3, amb acabats de N\u00edquel i Crom decoratiu. Comptem amb un departament de poliment per a peces que ho requereixin. Capacitat de grans i petites s\u00e8ries. Dimensions: 2600 x 800 x 1100. Aplicacions: components per a motocicleta, components [&hellip;]<\/p>\n","protected":false},"author":1,"featured_media":0,"parent":0,"menu_order":6,"comment_status":"closed","ping_status":"closed","template":"","meta":{"_seopress_robots_primary_cat":"","_seopress_titles_title":"","_seopress_titles_desc":"","_seopress_robots_index":"","_eb_attr":"","inline_featured_image":false,"footnotes":""},"class_list":["post-75","page","type-page","status-publish","hentry"],"_links":{"self":[{"href":"https:\/\/www.cromvic.com\/ca\/wp-json\/wp\/v2\/pages\/75","targetHints":{"allow":["GET"]}}],"collection":[{"href":"https:\/\/www.cromvic.com\/ca\/wp-json\/wp\/v2\/pages"}],"about":[{"href":"https:\/\/www.cromvic.com\/ca\/wp-json\/wp\/v2\/types\/page"}],"author":[{"embeddable":true,"href":"https:\/\/www.cromvic.com\/ca\/wp-json\/wp\/v2\/users\/1"}],"replies":[{"embeddable":true,"href":"https:\/\/www.cromvic.com\/ca\/wp-json\/wp\/v2\/comments?post=75"}],"version-history":[{"count":0,"href":"https:\/\/www.cromvic.com\/ca\/wp-json\/wp\/v2\/pages\/75\/revisions"}],"wp:attachment":[{"href":"https:\/\/www.cromvic.com\/ca\/wp-json\/wp\/v2\/media?parent=75"}],"curies":[{"name":"wp","href":"https:\/\/api.w.org\/{rel}","templated":true}]}}