{"id":74,"date":"2024-12-16T09:43:48","date_gmt":"2024-12-16T08:43:48","guid":{"rendered":"https:\/\/www.cromvic.com\/empresa\/"},"modified":"2025-07-10T07:54:47","modified_gmt":"2025-07-10T05:54:47","slug":"empresa","status":"publish","type":"page","link":"https:\/\/www.cromvic.com\/ca\/empresa\/","title":{"rendered":"Empresa"},"content":{"rendered":"\n<header class=\"wp-block-group alignwide cabecera-imagen has-global-padding is-layout-constrained wp-block-group-is-layout-constrained\">\n<div class=\"wp-block-cover is-light has-custom-content-position is-position-bottom-center alignwide cabecera-imagen__fondo\"><img alt=\"\" loading=\"lazy\" decoding=\"async\" width=\"1312\" height=\"411\" class=\"wp-block-cover__image-background wp-image-32\" alt=\"\" src=\"https:\/\/www.cromvic.com\/wp-content\/uploads\/2024\/12\/empresa.jpg\" data-object-fit=\"cover\" srcset=\"https:\/\/www.cromvic.com\/wp-content\/uploads\/2024\/12\/empresa.jpg 1312w, https:\/\/www.cromvic.com\/wp-content\/uploads\/2024\/12\/empresa-300x94.jpg 300w, https:\/\/www.cromvic.com\/wp-content\/uploads\/2024\/12\/empresa-1024x321.jpg 1024w, https:\/\/www.cromvic.com\/wp-content\/uploads\/2024\/12\/empresa-768x241.jpg 768w\" sizes=\"auto, (max-width: 1312px) 100vw, 1312px\" \/><span aria-hidden=\"true\" class=\"wp-block-cover__background has-background-dim-0 has-background-dim\" style=\"background-color:#b5b6b9\"><\/span><div class=\"wp-block-cover__inner-container is-layout-flow wp-block-cover-is-layout-flow\"><h1 class=\"has-text-align-center alignfull cabecera-imagen__titulo wp-block-post-title\">Empresa<\/h1><\/div><\/div>\n<\/header>\n\n\n\n<article class=\"wp-block-group alignwide pagina-default is-style-section has-global-padding is-layout-constrained wp-block-group-is-layout-constrained\">\n<p>Al llarg de m\u00e9s de 50 anys CROMVIC, Cromados Conejo SA ha estat prestant els seus serveis al camp de tractament de superf\u00edcies met\u00e0l\u00b7liques.<\/p>\n\n\n\n<p>Durant tot aquest temps CROMVIC ha passat per diverses fases de creixement fins a arribar a disposar d&#8217;un grup especialitzat de professionals i d&#8217;unes instal\u00b7lacions dotades dels mitjans mec\u00e0nics i tecnol\u00f2gics m\u00e9s avan\u00e7ats, que li permeten abordar tot tipus de projectes amb la tranquil\u00b7litat poder atendre els seus clients amb plenes garanties d&#8217;\u00e8xit, qualitat i servei.<\/p>\n\n\n\n<p>Els nostres t\u00e8cnics col\u00b7laboren cont\u00ednuament en projectes que abasten un ampl\u00edssim ventall de sectors, ja sigui per a la construcci\u00f3, autom\u00f2bil, motocicleta, mobiliari de disseny i ind\u00fastria en general.<\/p>\n\n\n\n<p>Davant de tot tipus de necessitats en els sectors abans esmentats, o en qualsevol altre, i amb l&#8217;objectiu de resoldre els problemes de seguretat estructural, de manteniment continuat i d&#8217;aparen\u00e7a est\u00e8tica, CROMVIC aporta les seves solucions amb la satisfacci\u00f3 de la feina ben feta, dedicant tots els nostres esfor\u00e7os a donar ple compliment a la confian\u00e7a dipositada pels nostres clients.<\/p>\n\n\n\n<p>La nostra especialitat \u00e9s n\u00edquel-crom est\u00e0tic.<\/p>\n<\/article>\n","protected":false},"excerpt":{"rendered":"<p>Al llarg de m\u00e9s de 50 anys CROMVIC, Cromados Conejo SA ha estat prestant els seus serveis al camp de tractament de superf\u00edcies met\u00e0l\u00b7liques. Durant tot aquest temps CROMVIC ha passat per diverses fases de creixement fins a arribar a disposar d&#8217;un grup especialitzat de professionals i d&#8217;unes instal\u00b7lacions dotades dels mitjans mec\u00e0nics i tecnol\u00f2gics [&hellip;]<\/p>\n","protected":false},"author":1,"featured_media":0,"parent":0,"menu_order":4,"comment_status":"closed","ping_status":"closed","template":"","meta":{"_seopress_robots_primary_cat":"","_seopress_titles_title":"","_seopress_titles_desc":"","_seopress_robots_index":"","_eb_attr":"","inline_featured_image":false,"footnotes":""},"class_list":["post-74","page","type-page","status-publish","hentry"],"_links":{"self":[{"href":"https:\/\/www.cromvic.com\/ca\/wp-json\/wp\/v2\/pages\/74","targetHints":{"allow":["GET"]}}],"collection":[{"href":"https:\/\/www.cromvic.com\/ca\/wp-json\/wp\/v2\/pages"}],"about":[{"href":"https:\/\/www.cromvic.com\/ca\/wp-json\/wp\/v2\/types\/page"}],"author":[{"embeddable":true,"href":"https:\/\/www.cromvic.com\/ca\/wp-json\/wp\/v2\/users\/1"}],"replies":[{"embeddable":true,"href":"https:\/\/www.cromvic.com\/ca\/wp-json\/wp\/v2\/comments?post=74"}],"version-history":[{"count":0,"href":"https:\/\/www.cromvic.com\/ca\/wp-json\/wp\/v2\/pages\/74\/revisions"}],"wp:attachment":[{"href":"https:\/\/www.cromvic.com\/ca\/wp-json\/wp\/v2\/media?parent=74"}],"curies":[{"name":"wp","href":"https:\/\/api.w.org\/{rel}","templated":true}]}}