{"id":73,"date":"2024-12-16T09:43:22","date_gmt":"2024-12-16T08:43:22","guid":{"rendered":"https:\/\/www.cromvic.com\/inici\/"},"modified":"2026-03-11T11:20:13","modified_gmt":"2026-03-11T10:20:13","slug":"inici","status":"publish","type":"page","link":"https:\/\/www.cromvic.com\/ca\/","title":{"rendered":"Inici"},"content":{"rendered":"\n<div class=\"wp-block-group alignwide is-layout-flow wp-container-core-group-is-layout-72bd5470 wp-block-group-is-layout-flow\" style=\"margin-top:var(--wp--preset--spacing--20);margin-bottom:var(--wp--preset--spacing--60)\">\n<div class=\"wp-block-cover\"><img alt=\"\" loading=\"lazy\" decoding=\"async\" width=\"1481\" height=\"753\" class=\"wp-block-cover__image-background wp-image-39\" alt=\"\" src=\"https:\/\/www.cromvic.com\/wp-content\/uploads\/2024\/12\/servicios.jpg\" data-object-fit=\"cover\" srcset=\"https:\/\/www.cromvic.com\/wp-content\/uploads\/2024\/12\/servicios.jpg 1481w, https:\/\/www.cromvic.com\/wp-content\/uploads\/2024\/12\/servicios-300x153.jpg 300w, https:\/\/www.cromvic.com\/wp-content\/uploads\/2024\/12\/servicios-1024x521.jpg 1024w, https:\/\/www.cromvic.com\/wp-content\/uploads\/2024\/12\/servicios-768x390.jpg 768w\" sizes=\"auto, (max-width: 1481px) 100vw, 1481px\" \/><span aria-hidden=\"true\" class=\"wp-block-cover__background has-dark-background-color has-background-dim\"><\/span><div class=\"wp-block-cover__inner-container is-layout-flow wp-block-cover-is-layout-flow\">\n<figure class=\"wp-block-image aligncenter size-large\"><img alt=\"\" loading=\"lazy\" decoding=\"async\" width=\"412\" height=\"73\" src=\"https:\/\/www.cromvic.com\/wp-content\/uploads\/2024\/12\/logo_cabecera.svg\" alt=\"\" class=\"wp-image-52\"\/><\/figure>\n\n\n\n<p class=\"has-text-align-center has-large-font-size\">Cromados Conejo SA<\/p>\n<\/div><\/div>\n\n\n\n<div class=\"wp-block-media-text alignwide has-media-on-the-right is-stacked-on-mobile is-vertically-aligned-center is-image-fill-element has-gray-dark-background-color has-background\"><div class=\"wp-block-media-text__content\">\n<div class=\"wp-block-group is-vertical is-layout-flex wp-container-core-group-is-layout-21247fe3 wp-block-group-is-layout-flex\" style=\"min-height:32vh;padding-top:var(--wp--preset--spacing--20);padding-bottom:var(--wp--preset--spacing--20)\">\n<p class=\"has-medium-font-size\" style=\"margin-top:0;margin-right:0;margin-bottom:0;margin-left:0;line-height:1\">EXPERI\u00c8NCIA<\/p>\n\n\n\n<p class=\"has-secondary-color has-text-color has-link-color has-headers-font-family has-extra-huge-font-size wp-elements-fb3bab40b059b47bda52dad38c218029\" style=\"margin-top:0;margin-right:0;margin-bottom:0;margin-left:0;line-height:1.1\">M\u00e9s de 50 anys<\/p>\n\n\n\n<p class=\"has-secondary-color has-text-color has-link-color has-headers-font-family has-x-large-font-size wp-elements-bc67e5e4d4c094714ee41d2f43cd8656\" style=\"margin-top:0;margin-right:0;margin-bottom:0;margin-left:0;line-height:1.3\">al camp de tractament de superf\u00edcies met\u00e0l\u00b7liques<\/p>\n\n\n\n<p>Els nostres t\u00e8cnics col\u00b7laboren cont\u00ednuament en projectes que abasten un ampl\u00edssim ventall de sectors, ja sigui per a la construcci\u00f3, autom\u00f2bil, motocicleta, mobiliari de disseny i ind\u00fastria en general.<\/p>\n\n\n\n<div class=\"wp-block-buttons is-layout-flex wp-block-buttons-is-layout-flex\">\n<div class=\"wp-block-button\"><a class=\"wp-block-button__link wp-element-button\" href=\"https:\/\/www.cromvic.com\/ca\/empresa\/\">CONEIX-NOS<\/a><\/div>\n<\/div>\n<\/div>\n<\/div><figure class=\"wp-block-media-text__media\"><img alt=\"\" loading=\"lazy\" decoding=\"async\" width=\"1024\" height=\"669\" src=\"https:\/\/www.cromvic.com\/wp-content\/uploads\/2025\/07\/cromvic-img-3881-1024x669.jpg\" alt=\"\" class=\"wp-image-104 size-large\" style=\"object-position:50% 50%\" srcset=\"https:\/\/www.cromvic.com\/wp-content\/uploads\/2025\/07\/cromvic-img-3881-1024x669.jpg 1024w, https:\/\/www.cromvic.com\/wp-content\/uploads\/2025\/07\/cromvic-img-3881-450x294.jpg 450w, https:\/\/www.cromvic.com\/wp-content\/uploads\/2025\/07\/cromvic-img-3881-768x502.jpg 768w, https:\/\/www.cromvic.com\/wp-content\/uploads\/2025\/07\/cromvic-img-3881-1536x1004.jpg 1536w, https:\/\/www.cromvic.com\/wp-content\/uploads\/2025\/07\/cromvic-img-3881-2048x1338.jpg 2048w\" sizes=\"auto, (max-width: 1024px) 100vw, 1024px\" \/><\/figure><\/div>\n\n\n\n<div class=\"wp-block-media-text alignwide is-stacked-on-mobile is-vertically-aligned-center is-image-fill-element has-gray-dark-background-color has-background\"><figure class=\"wp-block-media-text__media\"><img alt=\"\" loading=\"lazy\" decoding=\"async\" width=\"1024\" height=\"768\" src=\"https:\/\/www.cromvic.com\/wp-content\/uploads\/2025\/07\/instalaciones-img-3897-1024x768.jpg\" alt=\"\" class=\"wp-image-94 size-full\" style=\"object-position:50% 50%\" srcset=\"https:\/\/www.cromvic.com\/wp-content\/uploads\/2025\/07\/instalaciones-img-3897-1024x768.jpg 1024w, https:\/\/www.cromvic.com\/wp-content\/uploads\/2025\/07\/instalaciones-img-3897-450x338.jpg 450w, https:\/\/www.cromvic.com\/wp-content\/uploads\/2025\/07\/instalaciones-img-3897-768x576.jpg 768w, https:\/\/www.cromvic.com\/wp-content\/uploads\/2025\/07\/instalaciones-img-3897-1536x1152.jpg 1536w, https:\/\/www.cromvic.com\/wp-content\/uploads\/2025\/07\/instalaciones-img-3897-2048x1536.jpg 2048w\" sizes=\"auto, (max-width: 1024px) 100vw, 1024px\" \/><\/figure><div class=\"wp-block-media-text__content\">\n<div class=\"wp-block-group is-vertical is-layout-flex wp-container-core-group-is-layout-4e335ab6 wp-block-group-is-layout-flex\" style=\"min-height:32vh\">\n<p class=\"has-medium-font-size\" style=\"margin-top:0;margin-right:0;margin-bottom:0;margin-left:0;line-height:1\">QUALITAT<\/p>\n\n\n\n<p class=\"has-secondary-color has-text-color has-link-color has-headers-font-family has-extra-huge-font-size wp-elements-d53823d150375b1ab4754087e891bd41\" style=\"margin-top:0;margin-right:0;margin-bottom:0;margin-left:0;line-height:1.1\">Garantia d&#8217;\u00e8xit<\/p>\n\n\n\n<p>Disposem d&#8217;un grup especialitzat de professionals i unes instal\u00b7lacions dotades dels mitjans mec\u00e0nics i tecnol\u00f2gics m\u00e9s avan\u00e7ats, que us permeten abordar tot tipus de projectes amb plenes garanties d&#8217;\u00e8xit.<\/p>\n\n\n\n<div class=\"wp-block-buttons is-layout-flex wp-block-buttons-is-layout-flex\">\n<div class=\"wp-block-button\"><a class=\"wp-block-button__link wp-element-button\" href=\"https:\/\/www.cromvic.com\/ca\/installacions\/\">VEURE INSTAL\u00b7LACIONS<\/a><\/div>\n<\/div>\n<\/div>\n<\/div><\/div>\n\n\n\n<div class=\"wp-block-media-text alignwide has-media-on-the-right is-stacked-on-mobile is-image-fill-element has-gray-dark-background-color has-background\"><div class=\"wp-block-media-text__content\">\n<div class=\"wp-block-group is-vertical is-content-justification-left is-layout-flex wp-container-core-group-is-layout-5a202deb wp-block-group-is-layout-flex\" style=\"min-height:32vh;padding-top:var(--wp--preset--spacing--20);padding-right:0;padding-bottom:var(--wp--preset--spacing--20);padding-left:0\">\n<p class=\"has-medium-font-size\" style=\"margin-top:0;margin-right:0;margin-bottom:0;margin-left:0;line-height:1\">SERVEIS<\/p>\n\n\n\n<p class=\"has-secondary-color has-text-color has-link-color has-headers-font-family has-extra-huge-font-size wp-elements-8fd61f25a0f69d58323476585bec909b\" style=\"margin-top:0;margin-right:0;margin-bottom:0;margin-left:0;line-height:1.1\">Especialistes<\/p>\n\n\n\n<p>Estem especialitzats en niquelat est\u00e0tic<\/p>\n\n\n\n<p>Estem especialitzats en tractaments met\u00e0l\u00b7lics com el n\u00edquel-crom est\u00e0tic.<\/p>\n\n\n\n<div class=\"wp-block-buttons is-layout-flex wp-block-buttons-is-layout-flex\">\n<div class=\"wp-block-button\"><a class=\"wp-block-button__link wp-element-button\" href=\"https:\/\/www.cromvic.com\/ca\/serveis\/\">VEURE SERVEIS<\/a><\/div>\n<\/div>\n<\/div>\n<\/div><figure class=\"wp-block-media-text__media\"><img alt=\"\" loading=\"lazy\" decoding=\"async\" width=\"1024\" height=\"768\" src=\"https:\/\/www.cromvic.com\/wp-content\/uploads\/2025\/07\/img-3870-1024x768.jpg\" alt=\"\" class=\"wp-image-101 size-full\" style=\"object-position:50% 50%\" srcset=\"https:\/\/www.cromvic.com\/wp-content\/uploads\/2025\/07\/img-3870-1024x768.jpg 1024w, https:\/\/www.cromvic.com\/wp-content\/uploads\/2025\/07\/img-3870-450x338.jpg 450w, https:\/\/www.cromvic.com\/wp-content\/uploads\/2025\/07\/img-3870-768x576.jpg 768w, https:\/\/www.cromvic.com\/wp-content\/uploads\/2025\/07\/img-3870-1536x1152.jpg 1536w, https:\/\/www.cromvic.com\/wp-content\/uploads\/2025\/07\/img-3870-2048x1536.jpg 2048w\" sizes=\"auto, (max-width: 1024px) 100vw, 1024px\" \/><\/figure><\/div>\n<\/div>\n","protected":false},"excerpt":{"rendered":"<p>EXPERI\u00c8NCIA M\u00e9s de 50 anys al camp de tractament de superf\u00edcies met\u00e0l\u00b7liques Els nostres t\u00e8cnics col\u00b7laboren cont\u00ednuament en projectes que abasten un ampl\u00edssim ventall de sectors, ja sigui per a la construcci\u00f3, autom\u00f2bil, motocicleta, mobiliari de disseny i ind\u00fastria en general. QUALITAT Garantia d&#8217;\u00e8xit Disposem d&#8217;un grup especialitzat de professionals i unes instal\u00b7lacions dotades dels [&hellip;]<\/p>\n","protected":false},"author":1,"featured_media":0,"parent":0,"menu_order":2,"comment_status":"closed","ping_status":"closed","template":"","meta":{"_seopress_robots_primary_cat":"","_seopress_titles_title":"","_seopress_titles_desc":"","_seopress_robots_index":"","_eb_attr":"","inline_featured_image":false,"footnotes":""},"class_list":["post-73","page","type-page","status-publish","hentry"],"_links":{"self":[{"href":"https:\/\/www.cromvic.com\/ca\/wp-json\/wp\/v2\/pages\/73","targetHints":{"allow":["GET"]}}],"collection":[{"href":"https:\/\/www.cromvic.com\/ca\/wp-json\/wp\/v2\/pages"}],"about":[{"href":"https:\/\/www.cromvic.com\/ca\/wp-json\/wp\/v2\/types\/page"}],"author":[{"embeddable":true,"href":"https:\/\/www.cromvic.com\/ca\/wp-json\/wp\/v2\/users\/1"}],"replies":[{"embeddable":true,"href":"https:\/\/www.cromvic.com\/ca\/wp-json\/wp\/v2\/comments?post=73"}],"version-history":[{"count":0,"href":"https:\/\/www.cromvic.com\/ca\/wp-json\/wp\/v2\/pages\/73\/revisions"}],"wp:attachment":[{"href":"https:\/\/www.cromvic.com\/ca\/wp-json\/wp\/v2\/media?parent=73"}],"curies":[{"name":"wp","href":"https:\/\/api.w.org\/{rel}","templated":true}]}}